{"id":27,"date":"2015-07-26T12:06:10","date_gmt":"2015-07-26T12:06:10","guid":{"rendered":"http:\/\/www.solitutticelli.cz\/?page_id=27"},"modified":"2022-10-18T08:39:58","modified_gmt":"2022-10-18T08:39:58","slug":"home","status":"publish","type":"page","link":"http:\/\/www.solitutticelli.cz\/en\/","title":{"rendered":"Home"},"content":{"rendered":"<div id=\"pl-27\"  class=\"panel-layout\" ><div id=\"pg-27-0\"  class=\"panel-grid panel-no-style\" ><div id=\"pgc-27-0-0\"  class=\"panel-grid-cell\" ><div id=\"panel-27-0-0-0\" class=\"so-panel widget widget_black-studio-tinymce widget_black_studio_tinymce panel-first-child panel-last-child\" data-index=\"0\" ><h3 class=\"widget-title\">V\u00edtejte na str\u00e1nk\u00e1ch violoncellov\u00e9ho souboru Solitutticelli Cello Ensemble<\/h3><div class=\"textwidget\"><p>Solitutticelli \u2013 Cello Quartet Brno.<\/p>\n<p>Jsme multi\u017e\u00e1nrov\u00e9 violoncellov\u00e9 kvarteto slo\u017een\u00e9 z hudebn\u00edk\u016f p\u0159ev\u00e1\u017en\u011b p\u016fsob\u00edc\u00edch ve Filharmonii Brno a v M\u011bstsk\u00e9m divadle Brno. Hrajeme origin\u00e1ln\u00ed \u00fapravy nejen klasick\u00fdch skladeb od baroka po soudobou hudbu, ale tak\u00e9 filmov\u00fdch melodi\u00ed a jazzov\u00fdch, popov\u00fdch a rockov\u00fdch hit\u016f. Dok\u00e1\u017eeme p\u0159ipravit program i pro dv\u011b a\u017e \u0161est violoncell.<\/p>\n<p><a href=\"http:\/\/www.solitutticelli.cz\/wp-content\/uploads\/2022\/02\/Solitutticelli-o-nas-promo2_1200x900px.jpg\"><img class=\"alignnone size-medium wp-image-906\" src=\"http:\/\/www.solitutticelli.cz\/wp-content\/uploads\/2022\/02\/Solitutticelli-o-nas-promo2_1200x900px-225x300.jpg\" alt=\"\" width=\"225\" height=\"300\" \/><\/a><\/p>\n<p>&nbsp;<\/p>\n<\/div><\/div><\/div><\/div><\/div>","protected":false},"excerpt":{"rendered":"<p>Solitutticelli \u2013 Cello Quartet Brno. Jsme multi\u017e\u00e1nrov\u00e9 violoncellov\u00e9 kvarteto slo\u017een\u00e9 z hudebn\u00edk\u016f p\u0159ev\u00e1\u017en\u011b p\u016fsob\u00edc\u00edch ve [&hellip;]<\/p>","protected":false},"author":1,"featured_media":0,"parent":0,"menu_order":0,"comment_status":"closed","ping_status":"closed","template":"","meta":[],"yoast_head":"<!-- This site is optimized with the Yoast SEO plugin v18.4.1 - https:\/\/yoast.com\/wordpress\/plugins\/seo\/ -->\n<title>Dom\u016f - Solitutticelli<\/title>\n<meta name=\"description\" content=\"Solitutticelli cello quartet Brno. Multi\u017e\u00e1nrov\u00fd violoncellov\u00fd kvartet. Hrajeme klasiku i modern\u00ed hity. Hudebn\u00ed doprovod na spole\u010denskou akci, event.\" \/>\n<meta name=\"robots\" content=\"index, follow, max-snippet:-1, max-image-preview:large, max-video-preview:-1\" \/>\n<link rel=\"canonical\" href=\"https:\/\/www.solitutticelli.cz\/en\/\" \/>\n<meta property=\"og:locale\" content=\"en_GB\" \/>\n<meta property=\"og:type\" content=\"article\" \/>\n<meta property=\"og:title\" content=\"Dom\u016f - Solitutticelli\" \/>\n<meta property=\"og:description\" content=\"Solitutticelli cello quartet Brno. Multi\u017e\u00e1nrov\u00fd violoncellov\u00fd kvartet. Hrajeme klasiku i modern\u00ed hity. Hudebn\u00ed doprovod na spole\u010denskou akci, event.\" \/>\n<meta property=\"og:url\" content=\"https:\/\/www.solitutticelli.cz\/en\/\" \/>\n<meta property=\"og:site_name\" content=\"Solitutticelli\" \/>\n<meta property=\"article:modified_time\" content=\"2022-10-18T08:39:58+00:00\" \/>\n<meta property=\"og:image\" content=\"http:\/\/www.solitutticelli.cz\/wp-content\/uploads\/2022\/02\/Solitutticelli-o-nas-promo2_1200x900px-225x300.jpg\" \/>\n<meta name=\"twitter:card\" content=\"summary_large_image\" \/>\n<meta name=\"twitter:label1\" content=\"Estimated reading time\" \/>\n\t<meta name=\"twitter:data1\" content=\"1 minute\" \/>\n<script type=\"application\/ld+json\" class=\"yoast-schema-graph\">{\"@context\":\"https:\/\/schema.org\",\"@graph\":[{\"@type\":\"WebSite\",\"@id\":\"https:\/\/www.solitutticelli.cz\/en\/#website\",\"url\":\"https:\/\/www.solitutticelli.cz\/en\/\",\"name\":\"Solitutticelli\",\"description\":\"Brno Cello Quartet\",\"potentialAction\":[{\"@type\":\"SearchAction\",\"target\":{\"@type\":\"EntryPoint\",\"urlTemplate\":\"https:\/\/www.solitutticelli.cz\/en\/?s={search_term_string}\"},\"query-input\":\"required name=search_term_string\"}],\"inLanguage\":\"en-GB\"},{\"@type\":\"ImageObject\",\"@id\":\"https:\/\/www.solitutticelli.cz\/en\/#primaryimage\",\"inLanguage\":\"en-GB\",\"url\":\"http:\/\/www.solitutticelli.cz\/wp-content\/uploads\/2022\/02\/Solitutticelli-o-nas-promo2_1200x900px.jpg\",\"contentUrl\":\"http:\/\/www.solitutticelli.cz\/wp-content\/uploads\/2022\/02\/Solitutticelli-o-nas-promo2_1200x900px.jpg\",\"width\":900,\"height\":1200},{\"@type\":\"WebPage\",\"@id\":\"https:\/\/www.solitutticelli.cz\/en\/#webpage\",\"url\":\"https:\/\/www.solitutticelli.cz\/en\/\",\"name\":\"Dom\u016f - Solitutticelli\",\"isPartOf\":{\"@id\":\"https:\/\/www.solitutticelli.cz\/en\/#website\"},\"primaryImageOfPage\":{\"@id\":\"https:\/\/www.solitutticelli.cz\/en\/#primaryimage\"},\"datePublished\":\"2015-07-26T12:06:10+00:00\",\"dateModified\":\"2022-10-18T08:39:58+00:00\",\"description\":\"Solitutticelli cello quartet Brno. Multi\u017e\u00e1nrov\u00fd violoncellov\u00fd kvartet. Hrajeme klasiku i modern\u00ed hity. Hudebn\u00ed doprovod na spole\u010denskou akci, event.\",\"breadcrumb\":{\"@id\":\"https:\/\/www.solitutticelli.cz\/en\/#breadcrumb\"},\"inLanguage\":\"en-GB\",\"potentialAction\":[{\"@type\":\"ReadAction\",\"target\":[\"https:\/\/www.solitutticelli.cz\/en\/\"]}]},{\"@type\":\"BreadcrumbList\",\"@id\":\"https:\/\/www.solitutticelli.cz\/en\/#breadcrumb\",\"itemListElement\":[{\"@type\":\"ListItem\",\"position\":1,\"name\":\"Dom\u016f\",\"item\":\"https:\/\/www.solitutticelli.cz\/en\/\"},{\"@type\":\"ListItem\",\"position\":2,\"name\":\"Dom\u016f\"}]}]}<\/script>\n<!-- \/ Yoast SEO plugin. -->","yoast_head_json":{"title":"Dom\u016f - Solitutticelli","description":"Solitutticelli cello quartet Brno. Multi\u017e\u00e1nrov\u00fd violoncellov\u00fd kvartet. Hrajeme klasiku i modern\u00ed hity. Hudebn\u00ed doprovod na spole\u010denskou akci, event.","robots":{"index":"index","follow":"follow","max-snippet":"max-snippet:-1","max-image-preview":"max-image-preview:large","max-video-preview":"max-video-preview:-1"},"canonical":"https:\/\/www.solitutticelli.cz\/en\/","og_locale":"en_GB","og_type":"article","og_title":"Dom\u016f - Solitutticelli","og_description":"Solitutticelli cello quartet Brno. Multi\u017e\u00e1nrov\u00fd violoncellov\u00fd kvartet. Hrajeme klasiku i modern\u00ed hity. Hudebn\u00ed doprovod na spole\u010denskou akci, event.","og_url":"https:\/\/www.solitutticelli.cz\/en\/","og_site_name":"Solitutticelli","article_modified_time":"2022-10-18T08:39:58+00:00","og_image":[{"url":"http:\/\/www.solitutticelli.cz\/wp-content\/uploads\/2022\/02\/Solitutticelli-o-nas-promo2_1200x900px-225x300.jpg"}],"twitter_card":"summary_large_image","twitter_misc":{"Estimated reading time":"1 minute"},"schema":{"@context":"https:\/\/schema.org","@graph":[{"@type":"WebSite","@id":"https:\/\/www.solitutticelli.cz\/en\/#website","url":"https:\/\/www.solitutticelli.cz\/en\/","name":"Solitutticelli","description":"Brno Cello Quartet","potentialAction":[{"@type":"SearchAction","target":{"@type":"EntryPoint","urlTemplate":"https:\/\/www.solitutticelli.cz\/en\/?s={search_term_string}"},"query-input":"required name=search_term_string"}],"inLanguage":"en-GB"},{"@type":"ImageObject","@id":"https:\/\/www.solitutticelli.cz\/en\/#primaryimage","inLanguage":"en-GB","url":"http:\/\/www.solitutticelli.cz\/wp-content\/uploads\/2022\/02\/Solitutticelli-o-nas-promo2_1200x900px.jpg","contentUrl":"http:\/\/www.solitutticelli.cz\/wp-content\/uploads\/2022\/02\/Solitutticelli-o-nas-promo2_1200x900px.jpg","width":900,"height":1200},{"@type":"WebPage","@id":"https:\/\/www.solitutticelli.cz\/en\/#webpage","url":"https:\/\/www.solitutticelli.cz\/en\/","name":"Dom\u016f - Solitutticelli","isPartOf":{"@id":"https:\/\/www.solitutticelli.cz\/en\/#website"},"primaryImageOfPage":{"@id":"https:\/\/www.solitutticelli.cz\/en\/#primaryimage"},"datePublished":"2015-07-26T12:06:10+00:00","dateModified":"2022-10-18T08:39:58+00:00","description":"Solitutticelli cello quartet Brno. Multi\u017e\u00e1nrov\u00fd violoncellov\u00fd kvartet. Hrajeme klasiku i modern\u00ed hity. Hudebn\u00ed doprovod na spole\u010denskou akci, event.","breadcrumb":{"@id":"https:\/\/www.solitutticelli.cz\/en\/#breadcrumb"},"inLanguage":"en-GB","potentialAction":[{"@type":"ReadAction","target":["https:\/\/www.solitutticelli.cz\/en\/"]}]},{"@type":"BreadcrumbList","@id":"https:\/\/www.solitutticelli.cz\/en\/#breadcrumb","itemListElement":[{"@type":"ListItem","position":1,"name":"Dom\u016f","item":"https:\/\/www.solitutticelli.cz\/en\/"},{"@type":"ListItem","position":2,"name":"Dom\u016f"}]}]}},"_links":{"self":[{"href":"http:\/\/www.solitutticelli.cz\/en\/wp-json\/wp\/v2\/pages\/27"}],"collection":[{"href":"http:\/\/www.solitutticelli.cz\/en\/wp-json\/wp\/v2\/pages"}],"about":[{"href":"http:\/\/www.solitutticelli.cz\/en\/wp-json\/wp\/v2\/types\/page"}],"author":[{"embeddable":true,"href":"http:\/\/www.solitutticelli.cz\/en\/wp-json\/wp\/v2\/users\/1"}],"replies":[{"embeddable":true,"href":"http:\/\/www.solitutticelli.cz\/en\/wp-json\/wp\/v2\/comments?post=27"}],"version-history":[{"count":22,"href":"http:\/\/www.solitutticelli.cz\/en\/wp-json\/wp\/v2\/pages\/27\/revisions"}],"predecessor-version":[{"id":3004,"href":"http:\/\/www.solitutticelli.cz\/en\/wp-json\/wp\/v2\/pages\/27\/revisions\/3004"}],"wp:attachment":[{"href":"http:\/\/www.solitutticelli.cz\/en\/wp-json\/wp\/v2\/media?parent=27"}],"curies":[{"name":"wp","href":"https:\/\/api.w.org\/{rel}","templated":true}]}}