{"id":1453,"date":"2022-02-24T13:05:47","date_gmt":"2022-02-24T13:05:47","guid":{"rendered":"https:\/\/www.solitutticelli.cz\/?page_id=1453"},"modified":"2024-10-06T14:25:44","modified_gmt":"2024-10-06T14:25:44","slug":"vyuka-hry-na-violoncello","status":"publish","type":"page","link":"https:\/\/www.solitutticelli.cz\/en\/vyuka-hry-na-violoncello\/","title":{"rendered":"Cello lessons"},"content":{"rendered":"<div data-elementor-type=\"wp-page\" data-elementor-id=\"1453\" class=\"elementor elementor-1453\">\n\t\t\t\t\t\t\t\t\t<section class=\"elementor-section elementor-top-section elementor-element elementor-element-59a6780 elementor-section-boxed elementor-section-height-default elementor-section-height-default\" data-id=\"59a6780\" data-element_type=\"section\">\n\t\t\t\t\t\t<div class=\"elementor-container elementor-column-gap-default\">\n\t\t\t\t\t<div class=\"elementor-column elementor-col-33 elementor-top-column elementor-element elementor-element-64d5db0\" data-id=\"64d5db0\" data-element_type=\"column\">\n\t\t\t<div class=\"elementor-widget-wrap elementor-element-populated\">\n\t\t\t\t\t\t\t\t<div class=\"elementor-element elementor-element-ae21501 elementor-view-default elementor-mobile-position-top elementor-vertical-align-top elementor-widget elementor-widget-icon-box\" data-id=\"ae21501\" data-element_type=\"widget\" data-widget_type=\"icon-box.default\">\n\t\t\t\t<div class=\"elementor-widget-container\">\n\t\t\t<link rel=\"stylesheet\" href=\"http:\/\/www.solitutticelli.cz\/wp-content\/plugins\/elementor\/assets\/css\/widget-icon-box.min.css\">\t\t<div class=\"elementor-icon-box-wrapper\">\n\t\t\t\t\t\t<div class=\"elementor-icon-box-icon\">\n\t\t\t\t<span class=\"elementor-icon elementor-animation-\" >\n\t\t\t\t<i aria-hidden=\"true\" class=\"fas fa-street-view\"><\/i>\t\t\t\t<\/span>\n\t\t\t<\/div>\n\t\t\t\t\t\t<div class=\"elementor-icon-box-content\">\n\t\t\t\t<h3 class=\"elementor-icon-box-title\">\n\t\t\t\t\t<span  >\n\t\t\t\t\t\tIndividual Approach\t\t\t\t\t<\/span>\n\t\t\t\t<\/h3>\n\t\t\t\t\t\t\t\t\t<p class=\"elementor-icon-box-description\">\n\t\t\t\t\t\tWe tailor your cello lessons to you to ensure you\u2019ll learn the essentials in an engaging, personal context.\t\t\t\t\t<\/p>\n\t\t\t\t\t\t\t<\/div>\n\t\t<\/div>\n\t\t\t\t<\/div>\n\t\t\t\t<\/div>\n\t\t\t\t\t<\/div>\n\t\t<\/div>\n\t\t\t\t<div class=\"elementor-column elementor-col-33 elementor-top-column elementor-element elementor-element-ce7fbfe\" data-id=\"ce7fbfe\" data-element_type=\"column\">\n\t\t\t<div class=\"elementor-widget-wrap elementor-element-populated\">\n\t\t\t\t\t\t\t\t<div class=\"elementor-element elementor-element-69b8bcf elementor-view-default elementor-mobile-position-top elementor-vertical-align-top elementor-widget elementor-widget-icon-box\" data-id=\"69b8bcf\" data-element_type=\"widget\" data-widget_type=\"icon-box.default\">\n\t\t\t\t<div class=\"elementor-widget-container\">\n\t\t\t\t\t<div class=\"elementor-icon-box-wrapper\">\n\t\t\t\t\t\t<div class=\"elementor-icon-box-icon\">\n\t\t\t\t<span class=\"elementor-icon elementor-animation-\" >\n\t\t\t\t<i aria-hidden=\"true\" class=\"fab fa-itunes-note\"><\/i>\t\t\t\t<\/span>\n\t\t\t<\/div>\n\t\t\t\t\t\t<div class=\"elementor-icon-box-content\">\n\t\t\t\t<h3 class=\"elementor-icon-box-title\">\n\t\t\t\t\t<span  >\n\t\t\t\t\t\tCello Lesson Content\t\t\t\t\t<\/span>\n\t\t\t\t<\/h3>\n\t\t\t\t\t\t\t\t\t<p class=\"elementor-icon-box-description\">\n\t\t\t\t\t\tIn your cello lessons you\u2019ll learn posture, cello positioning, hand placement, plucking and bowing technique, pieces, songs, reading and writing music and more! Everything required to develop into a skilled cellist and musician.\t\t\t\t\t<\/p>\n\t\t\t\t\t\t\t<\/div>\n\t\t<\/div>\n\t\t\t\t<\/div>\n\t\t\t\t<\/div>\n\t\t\t\t\t<\/div>\n\t\t<\/div>\n\t\t\t\t<div class=\"elementor-column elementor-col-33 elementor-top-column elementor-element elementor-element-d2955af\" data-id=\"d2955af\" data-element_type=\"column\">\n\t\t\t<div class=\"elementor-widget-wrap elementor-element-populated\">\n\t\t\t\t\t\t\t\t<div class=\"elementor-element elementor-element-9a65466 elementor-view-default elementor-mobile-position-top elementor-vertical-align-top elementor-widget elementor-widget-icon-box\" data-id=\"9a65466\" data-element_type=\"widget\" data-widget_type=\"icon-box.default\">\n\t\t\t\t<div class=\"elementor-widget-container\">\n\t\t\t\t\t<div class=\"elementor-icon-box-wrapper\">\n\t\t\t\t\t\t<div class=\"elementor-icon-box-icon\">\n\t\t\t\t<span class=\"elementor-icon elementor-animation-\" >\n\t\t\t\t<i aria-hidden=\"true\" class=\"fab fa-microblog\"><\/i>\t\t\t\t<\/span>\n\t\t\t<\/div>\n\t\t\t\t\t\t<div class=\"elementor-icon-box-content\">\n\t\t\t\t<h3 class=\"elementor-icon-box-title\">\n\t\t\t\t\t<span  >\n\t\t\t\t\t\tLocation\t\t\t\t\t<\/span>\n\t\t\t\t<\/h3>\n\t\t\t\t\t\t\t\t\t<p class=\"elementor-icon-box-description\">\n\t\t\t\t\t\tWe provide cello lessons to students of any age and ability, anywhere in Brno and the surrounding area. You can visit our classroom in the centre of Brno or alternatively we visit you at home if you prefer.\t\t\t\t\t<\/p>\n\t\t\t\t\t\t\t<\/div>\n\t\t<\/div>\n\t\t\t\t<\/div>\n\t\t\t\t<\/div>\n\t\t\t\t\t<\/div>\n\t\t<\/div>\n\t\t\t\t\t\t\t<\/div>\n\t\t<\/section>\n\t\t\t\t<section class=\"elementor-section elementor-top-section elementor-element elementor-element-d5ffb0b elementor-section-boxed elementor-section-height-default elementor-section-height-default\" data-id=\"d5ffb0b\" data-element_type=\"section\">\n\t\t\t\t\t\t<div class=\"elementor-container elementor-column-gap-default\">\n\t\t\t\t\t<div class=\"elementor-column elementor-col-50 elementor-top-column elementor-element elementor-element-ce5d221\" data-id=\"ce5d221\" data-element_type=\"column\">\n\t\t\t<div class=\"elementor-widget-wrap elementor-element-populated\">\n\t\t\t\t\t\t\t\t<div class=\"elementor-element elementor-element-72ef051 elementor-widget elementor-widget-image\" data-id=\"72ef051\" data-element_type=\"widget\" data-widget_type=\"image.default\">\n\t\t\t\t<div class=\"elementor-widget-container\">\n\t\t\t<style>\/*! elementor - v3.6.1 - 23-03-2022 *\/\n.elementor-widget-image{text-align:center}.elementor-widget-image a{display:inline-block}.elementor-widget-image a img[src$=\".svg\"]{width:48px}.elementor-widget-image img{vertical-align:middle;display:inline-block}<\/style>\t\t\t\t\t\t\t\t\t\t\t\t<img width=\"500\" height=\"500\" src=\"https:\/\/www.solitutticelli.cz\/wp-content\/uploads\/2022\/03\/Vyuka_cello_2_500x500px-500x500.jpg\" class=\"attachment-wrgf_12_same_size_thumb size-wrgf_12_same_size_thumb\" alt=\"\" loading=\"lazy\" srcset=\"https:\/\/www.solitutticelli.cz\/wp-content\/uploads\/2022\/03\/Vyuka_cello_2_500x500px-500x500.jpg 500w, https:\/\/www.solitutticelli.cz\/wp-content\/uploads\/2022\/03\/Vyuka_cello_2_500x500px-300x300.jpg 300w, https:\/\/www.solitutticelli.cz\/wp-content\/uploads\/2022\/03\/Vyuka_cello_2_500x500px-150x150.jpg 150w, https:\/\/www.solitutticelli.cz\/wp-content\/uploads\/2022\/03\/Vyuka_cello_2_500x500px-768x768.jpg 768w, https:\/\/www.solitutticelli.cz\/wp-content\/uploads\/2022\/03\/Vyuka_cello_2_500x500px-400x400.jpg 400w, https:\/\/www.solitutticelli.cz\/wp-content\/uploads\/2022\/03\/Vyuka_cello_2_500x500px-12x12.jpg 12w, https:\/\/www.solitutticelli.cz\/wp-content\/uploads\/2022\/03\/Vyuka_cello_2_500x500px.jpg 1000w\" sizes=\"(max-width: 500px) 100vw, 500px\" \/>\t\t\t\t\t\t\t\t\t\t\t\t\t\t\t<\/div>\n\t\t\t\t<\/div>\n\t\t\t\t\t<\/div>\n\t\t<\/div>\n\t\t\t\t<div class=\"elementor-column elementor-col-50 elementor-top-column elementor-element elementor-element-d8c4c78\" data-id=\"d8c4c78\" data-element_type=\"column\">\n\t\t\t<div class=\"elementor-widget-wrap elementor-element-populated\">\n\t\t\t\t\t\t\t\t<div class=\"elementor-element elementor-element-47a9f7c elementor-widget elementor-widget-image\" data-id=\"47a9f7c\" data-element_type=\"widget\" data-widget_type=\"image.default\">\n\t\t\t\t<div class=\"elementor-widget-container\">\n\t\t\t\t\t\t\t\t\t\t\t\t\t\t\t<img width=\"500\" height=\"500\" src=\"https:\/\/www.solitutticelli.cz\/wp-content\/uploads\/2022\/03\/Vyuka_cello_5_500x500px-500x500.jpg\" class=\"attachment-wrgf_12_same_size_thumb size-wrgf_12_same_size_thumb\" alt=\"\" loading=\"lazy\" srcset=\"https:\/\/www.solitutticelli.cz\/wp-content\/uploads\/2022\/03\/Vyuka_cello_5_500x500px-500x500.jpg 500w, https:\/\/www.solitutticelli.cz\/wp-content\/uploads\/2022\/03\/Vyuka_cello_5_500x500px-300x300.jpg 300w, https:\/\/www.solitutticelli.cz\/wp-content\/uploads\/2022\/03\/Vyuka_cello_5_500x500px-150x150.jpg 150w, https:\/\/www.solitutticelli.cz\/wp-content\/uploads\/2022\/03\/Vyuka_cello_5_500x500px-768x768.jpg 768w, https:\/\/www.solitutticelli.cz\/wp-content\/uploads\/2022\/03\/Vyuka_cello_5_500x500px-400x400.jpg 400w, https:\/\/www.solitutticelli.cz\/wp-content\/uploads\/2022\/03\/Vyuka_cello_5_500x500px-12x12.jpg 12w, https:\/\/www.solitutticelli.cz\/wp-content\/uploads\/2022\/03\/Vyuka_cello_5_500x500px.jpg 1000w\" sizes=\"(max-width: 500px) 100vw, 500px\" \/>\t\t\t\t\t\t\t\t\t\t\t\t\t\t\t<\/div>\n\t\t\t\t<\/div>\n\t\t\t\t\t<\/div>\n\t\t<\/div>\n\t\t\t\t\t\t\t<\/div>\n\t\t<\/section>\n\t\t\t\t<section class=\"elementor-section elementor-top-section elementor-element elementor-element-2106c648 elementor-section-content-middle elementor-section-boxed elementor-section-height-default elementor-section-height-default\" data-id=\"2106c648\" data-element_type=\"section\" data-settings=\"{&quot;background_background&quot;:&quot;classic&quot;}\">\n\t\t\t\t\t\t<div class=\"elementor-container elementor-column-gap-no\">\n\t\t\t\t\t<div class=\"elementor-column elementor-col-50 elementor-top-column elementor-element elementor-element-6da47532\" data-id=\"6da47532\" data-element_type=\"column\">\n\t\t\t<div class=\"elementor-widget-wrap elementor-element-populated\">\n\t\t\t\t\t\t\t\t<div class=\"elementor-element elementor-element-277610bf elementor-widget elementor-widget-heading\" data-id=\"277610bf\" data-element_type=\"widget\" data-widget_type=\"heading.default\">\n\t\t\t\t<div class=\"elementor-widget-container\">\n\t\t\t<style>\/*! elementor - v3.6.1 - 23-03-2022 *\/\n.elementor-heading-title{padding:0;margin:0;line-height:1}.elementor-widget-heading .elementor-heading-title[class*=elementor-size-]>a{color:inherit;font-size:inherit;line-height:inherit}.elementor-widget-heading .elementor-heading-title.elementor-size-small{font-size:15px}.elementor-widget-heading .elementor-heading-title.elementor-size-medium{font-size:19px}.elementor-widget-heading .elementor-heading-title.elementor-size-large{font-size:29px}.elementor-widget-heading .elementor-heading-title.elementor-size-xl{font-size:39px}.elementor-widget-heading .elementor-heading-title.elementor-size-xxl{font-size:59px}<\/style><h2 class=\"elementor-heading-title elementor-size-default\">Do you want to learn to play the cello?<\/h2>\t\t<\/div>\n\t\t\t\t<\/div>\n\t\t\t\t<div class=\"elementor-element elementor-element-2b9c1419 elementor-widget elementor-widget-text-editor\" data-id=\"2b9c1419\" data-element_type=\"widget\" data-widget_type=\"text-editor.default\">\n\t\t\t\t<div class=\"elementor-widget-container\">\n\t\t\t<style>\/*! elementor - v3.6.1 - 23-03-2022 *\/\n.elementor-widget-text-editor.elementor-drop-cap-view-stacked .elementor-drop-cap{background-color:#818a91;color:#fff}.elementor-widget-text-editor.elementor-drop-cap-view-framed .elementor-drop-cap{color:#818a91;border:3px solid;background-color:transparent}.elementor-widget-text-editor:not(.elementor-drop-cap-view-default) .elementor-drop-cap{margin-top:8px}.elementor-widget-text-editor:not(.elementor-drop-cap-view-default) .elementor-drop-cap-letter{width:1em;height:1em}.elementor-widget-text-editor .elementor-drop-cap{float:left;text-align:center;line-height:1;font-size:50px}.elementor-widget-text-editor .elementor-drop-cap-letter{display:inline-block}<\/style>\t\t\t\t<p><b>Contact us.\u00a0<\/b>We will agree on the details and dates.<\/p>\t\t\t\t\t\t<\/div>\n\t\t\t\t<\/div>\n\t\t\t\t\t<\/div>\n\t\t<\/div>\n\t\t\t\t<div class=\"elementor-column elementor-col-50 elementor-top-column elementor-element elementor-element-b4df38a\" data-id=\"b4df38a\" data-element_type=\"column\">\n\t\t\t<div class=\"elementor-widget-wrap elementor-element-populated\">\n\t\t\t\t\t\t\t\t<div class=\"elementor-element elementor-element-6c283654 elementor-align-right elementor-mobile-align-left elementor-widget elementor-widget-button\" data-id=\"6c283654\" data-element_type=\"widget\" data-widget_type=\"button.default\">\n\t\t\t\t<div class=\"elementor-widget-container\">\n\t\t\t\t\t<div class=\"elementor-button-wrapper\">\n\t\t\t<a href=\"https:\/\/www.solitutticelli.cz\/en\/kontakt\/\" class=\"elementor-button-link elementor-button elementor-size-sm elementor-animation-grow\" role=\"button\">\n\t\t\t\t\t\t<span class=\"elementor-button-content-wrapper\">\n\t\t\t\t\t\t<span class=\"elementor-button-text\">Contacts<\/span>\n\t\t<\/span>\n\t\t\t\t\t<\/a>\n\t\t<\/div>\n\t\t\t\t<\/div>\n\t\t\t\t<\/div>\n\t\t\t\t\t<\/div>\n\t\t<\/div>\n\t\t\t\t\t\t\t<\/div>\n\t\t<\/section>\n\t\t\t\t\t\t\t<\/div>","protected":false},"excerpt":{"rendered":"<p>Individu\u00e1ln\u00ed p\u0159\u00edstup Zakl\u00e1d\u00e1me si na individu\u00e1ln\u00edm p\u0159\u00edstupu. D\u00e9lka lekce z\u00e1le\u017e\u00ed na domluv\u011b. Bohat\u00fd notov\u00fd archiv [&hellip;]<\/p>","protected":false},"author":2,"featured_media":0,"parent":0,"menu_order":0,"comment_status":"closed","ping_status":"closed","template":"","meta":[],"yoast_head":"<!-- This site is optimized with the Yoast SEO plugin v18.4.1 - https:\/\/yoast.com\/wordpress\/plugins\/seo\/ -->\n<title>V\u00fduka hry na violoncello - Solitutticelli<\/title>\n<meta name=\"description\" content=\"Pro velk\u00fd z\u00e1jem jsme za\u0159adili tak\u00e9 v\u00fduku hry na violoncello Brno. Nau\u010d\u00edme v\u00e1s hr\u00e1t na cello. M\u00e1me bohat\u00fd notov\u00fd arch\u00edv, na p\u0159\u00e1n\u00ed dle domluvit doprovod piano.\" \/>\n<meta name=\"robots\" content=\"index, follow, max-snippet:-1, max-image-preview:large, max-video-preview:-1\" \/>\n<link rel=\"canonical\" href=\"https:\/\/www.solitutticelli.cz\/en\/vyuka-hry-na-violoncello\/\" \/>\n<meta property=\"og:locale\" content=\"en_GB\" \/>\n<meta property=\"og:type\" content=\"article\" \/>\n<meta property=\"og:title\" content=\"V\u00fduka hry na violoncello - Solitutticelli\" \/>\n<meta property=\"og:description\" content=\"Pro velk\u00fd z\u00e1jem jsme za\u0159adili tak\u00e9 v\u00fduku hry na violoncello Brno. Nau\u010d\u00edme v\u00e1s hr\u00e1t na cello. M\u00e1me bohat\u00fd notov\u00fd arch\u00edv, na p\u0159\u00e1n\u00ed dle domluvit doprovod piano.\" \/>\n<meta property=\"og:url\" content=\"https:\/\/www.solitutticelli.cz\/en\/vyuka-hry-na-violoncello\/\" \/>\n<meta property=\"og:site_name\" content=\"Solitutticelli\" \/>\n<meta property=\"article:modified_time\" content=\"2024-10-06T14:25:44+00:00\" \/>\n<meta property=\"og:image\" content=\"http:\/\/www.solitutticelli.cz\/wp-content\/uploads\/2022\/03\/Vyuka_cello_2_500x500px-500x500.jpg\" \/>\n<meta name=\"twitter:card\" content=\"summary_large_image\" \/>\n<meta name=\"twitter:label1\" content=\"Estimated reading time\" \/>\n\t<meta name=\"twitter:data1\" content=\"1 minute\" \/>\n<script type=\"application\/ld+json\" class=\"yoast-schema-graph\">{\"@context\":\"https:\/\/schema.org\",\"@graph\":[{\"@type\":\"WebSite\",\"@id\":\"https:\/\/www.solitutticelli.cz\/#website\",\"url\":\"https:\/\/www.solitutticelli.cz\/\",\"name\":\"Solitutticelli\",\"description\":\"Brno Cello Quartet\",\"potentialAction\":[{\"@type\":\"SearchAction\",\"target\":{\"@type\":\"EntryPoint\",\"urlTemplate\":\"https:\/\/www.solitutticelli.cz\/?s={search_term_string}\"},\"query-input\":\"required name=search_term_string\"}],\"inLanguage\":\"en-GB\"},{\"@type\":\"ImageObject\",\"@id\":\"https:\/\/www.solitutticelli.cz\/vyuka-hry-na-violoncello\/#primaryimage\",\"inLanguage\":\"en-GB\",\"url\":\"https:\/\/www.solitutticelli.cz\/wp-content\/uploads\/2022\/03\/Vyuka_cello_2_500x500px.jpg\",\"contentUrl\":\"https:\/\/www.solitutticelli.cz\/wp-content\/uploads\/2022\/03\/Vyuka_cello_2_500x500px.jpg\",\"width\":1000,\"height\":1000},{\"@type\":\"WebPage\",\"@id\":\"https:\/\/www.solitutticelli.cz\/vyuka-hry-na-violoncello\/#webpage\",\"url\":\"https:\/\/www.solitutticelli.cz\/vyuka-hry-na-violoncello\/\",\"name\":\"V\u00fduka hry na violoncello - Solitutticelli\",\"isPartOf\":{\"@id\":\"https:\/\/www.solitutticelli.cz\/#website\"},\"primaryImageOfPage\":{\"@id\":\"https:\/\/www.solitutticelli.cz\/vyuka-hry-na-violoncello\/#primaryimage\"},\"datePublished\":\"2022-02-24T13:05:47+00:00\",\"dateModified\":\"2024-10-06T14:25:44+00:00\",\"description\":\"Pro velk\u00fd z\u00e1jem jsme za\u0159adili tak\u00e9 v\u00fduku hry na violoncello Brno. Nau\u010d\u00edme v\u00e1s hr\u00e1t na cello. M\u00e1me bohat\u00fd notov\u00fd arch\u00edv, na p\u0159\u00e1n\u00ed dle domluvit doprovod piano.\",\"breadcrumb\":{\"@id\":\"https:\/\/www.solitutticelli.cz\/vyuka-hry-na-violoncello\/#breadcrumb\"},\"inLanguage\":\"en-GB\",\"potentialAction\":[{\"@type\":\"ReadAction\",\"target\":[\"https:\/\/www.solitutticelli.cz\/vyuka-hry-na-violoncello\/\"]}]},{\"@type\":\"BreadcrumbList\",\"@id\":\"https:\/\/www.solitutticelli.cz\/vyuka-hry-na-violoncello\/#breadcrumb\",\"itemListElement\":[{\"@type\":\"ListItem\",\"position\":1,\"name\":\"Dom\u016f\",\"item\":\"https:\/\/www.solitutticelli.cz\/\"},{\"@type\":\"ListItem\",\"position\":2,\"name\":\"V\u00fduka hry na violoncello\"}]}]}<\/script>\n<!-- \/ Yoast SEO plugin. -->","yoast_head_json":{"title":"V\u00fduka hry na violoncello - Solitutticelli","description":"Pro velk\u00fd z\u00e1jem jsme za\u0159adili tak\u00e9 v\u00fduku hry na violoncello Brno. Nau\u010d\u00edme v\u00e1s hr\u00e1t na cello. M\u00e1me bohat\u00fd notov\u00fd arch\u00edv, na p\u0159\u00e1n\u00ed dle domluvit doprovod piano.","robots":{"index":"index","follow":"follow","max-snippet":"max-snippet:-1","max-image-preview":"max-image-preview:large","max-video-preview":"max-video-preview:-1"},"canonical":"https:\/\/www.solitutticelli.cz\/en\/vyuka-hry-na-violoncello\/","og_locale":"en_GB","og_type":"article","og_title":"V\u00fduka hry na violoncello - Solitutticelli","og_description":"Pro velk\u00fd z\u00e1jem jsme za\u0159adili tak\u00e9 v\u00fduku hry na violoncello Brno. Nau\u010d\u00edme v\u00e1s hr\u00e1t na cello. M\u00e1me bohat\u00fd notov\u00fd arch\u00edv, na p\u0159\u00e1n\u00ed dle domluvit doprovod piano.","og_url":"https:\/\/www.solitutticelli.cz\/en\/vyuka-hry-na-violoncello\/","og_site_name":"Solitutticelli","article_modified_time":"2024-10-06T14:25:44+00:00","og_image":[{"url":"http:\/\/www.solitutticelli.cz\/wp-content\/uploads\/2022\/03\/Vyuka_cello_2_500x500px-500x500.jpg"}],"twitter_card":"summary_large_image","twitter_misc":{"Estimated reading time":"1 minute"},"schema":{"@context":"https:\/\/schema.org","@graph":[{"@type":"WebSite","@id":"https:\/\/www.solitutticelli.cz\/#website","url":"https:\/\/www.solitutticelli.cz\/","name":"Solitutticelli","description":"Brno Cello Quartet","potentialAction":[{"@type":"SearchAction","target":{"@type":"EntryPoint","urlTemplate":"https:\/\/www.solitutticelli.cz\/?s={search_term_string}"},"query-input":"required name=search_term_string"}],"inLanguage":"en-GB"},{"@type":"ImageObject","@id":"https:\/\/www.solitutticelli.cz\/vyuka-hry-na-violoncello\/#primaryimage","inLanguage":"en-GB","url":"https:\/\/www.solitutticelli.cz\/wp-content\/uploads\/2022\/03\/Vyuka_cello_2_500x500px.jpg","contentUrl":"https:\/\/www.solitutticelli.cz\/wp-content\/uploads\/2022\/03\/Vyuka_cello_2_500x500px.jpg","width":1000,"height":1000},{"@type":"WebPage","@id":"https:\/\/www.solitutticelli.cz\/vyuka-hry-na-violoncello\/#webpage","url":"https:\/\/www.solitutticelli.cz\/vyuka-hry-na-violoncello\/","name":"V\u00fduka hry na violoncello - Solitutticelli","isPartOf":{"@id":"https:\/\/www.solitutticelli.cz\/#website"},"primaryImageOfPage":{"@id":"https:\/\/www.solitutticelli.cz\/vyuka-hry-na-violoncello\/#primaryimage"},"datePublished":"2022-02-24T13:05:47+00:00","dateModified":"2024-10-06T14:25:44+00:00","description":"Pro velk\u00fd z\u00e1jem jsme za\u0159adili tak\u00e9 v\u00fduku hry na violoncello Brno. Nau\u010d\u00edme v\u00e1s hr\u00e1t na cello. M\u00e1me bohat\u00fd notov\u00fd arch\u00edv, na p\u0159\u00e1n\u00ed dle domluvit doprovod piano.","breadcrumb":{"@id":"https:\/\/www.solitutticelli.cz\/vyuka-hry-na-violoncello\/#breadcrumb"},"inLanguage":"en-GB","potentialAction":[{"@type":"ReadAction","target":["https:\/\/www.solitutticelli.cz\/vyuka-hry-na-violoncello\/"]}]},{"@type":"BreadcrumbList","@id":"https:\/\/www.solitutticelli.cz\/vyuka-hry-na-violoncello\/#breadcrumb","itemListElement":[{"@type":"ListItem","position":1,"name":"Dom\u016f","item":"https:\/\/www.solitutticelli.cz\/"},{"@type":"ListItem","position":2,"name":"V\u00fduka hry na violoncello"}]}]}},"_links":{"self":[{"href":"https:\/\/www.solitutticelli.cz\/en\/wp-json\/wp\/v2\/pages\/1453"}],"collection":[{"href":"https:\/\/www.solitutticelli.cz\/en\/wp-json\/wp\/v2\/pages"}],"about":[{"href":"https:\/\/www.solitutticelli.cz\/en\/wp-json\/wp\/v2\/types\/page"}],"author":[{"embeddable":true,"href":"https:\/\/www.solitutticelli.cz\/en\/wp-json\/wp\/v2\/users\/2"}],"replies":[{"embeddable":true,"href":"https:\/\/www.solitutticelli.cz\/en\/wp-json\/wp\/v2\/comments?post=1453"}],"version-history":[{"count":93,"href":"https:\/\/www.solitutticelli.cz\/en\/wp-json\/wp\/v2\/pages\/1453\/revisions"}],"predecessor-version":[{"id":3321,"href":"https:\/\/www.solitutticelli.cz\/en\/wp-json\/wp\/v2\/pages\/1453\/revisions\/3321"}],"wp:attachment":[{"href":"https:\/\/www.solitutticelli.cz\/en\/wp-json\/wp\/v2\/media?parent=1453"}],"curies":[{"name":"wp","href":"https:\/\/api.w.org\/{rel}","templated":true}]}}